{"id":664,"date":"2022-07-22T11:42:52","date_gmt":"2022-07-22T11:42:52","guid":{"rendered":"https:\/\/www.rentflow.io\/home-page\/"},"modified":"2023-08-24T16:20:36","modified_gmt":"2023-08-24T16:20:36","slug":"home-page","status":"publish","type":"page","link":"https:\/\/www.rentflow.io\/pl\/","title":{"rendered":"Home Page"},"content":{"rendered":"\r\n<p>&nbsp;<\/p>\r\n\r\n\r\n\r\n<p>&nbsp;<\/p>\r\n\r\n\r\n\r\n<p>&nbsp;<\/p>\r\n","protected":false},"excerpt":{"rendered":"<p>&nbsp; &nbsp; &nbsp;<\/p>\n","protected":false},"author":1,"featured_media":0,"parent":0,"menu_order":0,"comment_status":"closed","ping_status":"closed","template":"templates\/home-template.php","meta":{"inline_featured_image":false},"acf":[],"yoast_head":"<!-- This site is optimized with the Yoast SEO Premium plugin v19.3 (Yoast SEO v19.7) - https:\/\/yoast.com\/wordpress\/plugins\/seo\/ -->\n<title>Rentflow - The best online property management software<\/title>\n<meta name=\"description\" content=\"Najlepsze oprogramowanie online do zarz\u0105dzania nieruchomo\u015bciami i najmem Najlepsze oprogramowanie online do zarz\u0105dzania nieruchomo\u015bciami i najmem dla zarz\u0105dc\u00f3w, agent\u00f3w nieruchomo\u015bci, w\u0142a\u015bcicieli mieszka\u0144 i najemc\u00f3w. Automatyzacja, integracja, organizacja i bezpiecze\u0144stwo dla Twojego biznesu w nieruchomo\u015bciach.\" \/>\n<meta name=\"robots\" content=\"index, follow, max-snippet:-1, max-image-preview:large, max-video-preview:-1\" \/>\n<link rel=\"canonical\" href=\"https:\/\/www.rentflow.io\/pl\/\" \/>\n<meta property=\"og:locale\" content=\"pl_PL\" \/>\n<meta property=\"og:type\" content=\"article\" \/>\n<meta property=\"og:title\" content=\"Rentflow - The best online property management software\" \/>\n<meta property=\"og:description\" content=\"Najlepsze oprogramowanie online do zarz\u0105dzania nieruchomo\u015bciami i najmem Najlepsze oprogramowanie online do zarz\u0105dzania nieruchomo\u015bciami i najmem dla zarz\u0105dc\u00f3w, agent\u00f3w nieruchomo\u015bci, w\u0142a\u015bcicieli mieszka\u0144 i najemc\u00f3w. Automatyzacja, integracja, organizacja i bezpiecze\u0144stwo dla Twojego biznesu w nieruchomo\u015bciach.\" \/>\n<meta property=\"og:url\" content=\"https:\/\/www.rentflow.io\/pl\/\" \/>\n<meta property=\"og:site_name\" content=\"Rentflow\" \/>\n<meta property=\"article:publisher\" content=\"https:\/\/www.facebook.com\/Rentflow.net\" \/>\n<meta property=\"article:modified_time\" content=\"2023-08-24T16:20:36+00:00\" \/>\n<meta name=\"twitter:card\" content=\"summary_large_image\" \/>\n<script type=\"application\/ld+json\" class=\"yoast-schema-graph\">{\"@context\":\"https:\/\/schema.org\",\"@graph\":[{\"@type\":\"WebPage\",\"@id\":\"https:\/\/www.rentflow.io\/pl\/\",\"url\":\"https:\/\/www.rentflow.io\/pl\/\",\"name\":\"Rentflow - The best online property management software\",\"isPartOf\":{\"@id\":\"https:\/\/www.rentflow.io\/pl\/#website\"},\"datePublished\":\"2022-07-22T11:42:52+00:00\",\"dateModified\":\"2023-08-24T16:20:36+00:00\",\"description\":\"Najlepsze oprogramowanie online do zarz\u0105dzania nieruchomo\u015bciami i najmem Najlepsze oprogramowanie online do zarz\u0105dzania nieruchomo\u015bciami i najmem dla zarz\u0105dc\u00f3w, agent\u00f3w nieruchomo\u015bci, w\u0142a\u015bcicieli mieszka\u0144 i najemc\u00f3w. Automatyzacja, integracja, organizacja i bezpiecze\u0144stwo dla Twojego biznesu w nieruchomo\u015bciach.\",\"breadcrumb\":{\"@id\":\"https:\/\/www.rentflow.io\/pl\/#breadcrumb\"},\"inLanguage\":\"pl-PL\",\"potentialAction\":[{\"@type\":\"ReadAction\",\"target\":[\"https:\/\/www.rentflow.io\/pl\/\"]}]},{\"@type\":\"BreadcrumbList\",\"@id\":\"https:\/\/www.rentflow.io\/pl\/#breadcrumb\",\"itemListElement\":[{\"@type\":\"ListItem\",\"position\":1,\"name\":\"Home Page\"}]},{\"@type\":\"WebSite\",\"@id\":\"https:\/\/www.rentflow.io\/pl\/#website\",\"url\":\"https:\/\/www.rentflow.io\/pl\/\",\"name\":\"Rentflow\",\"description\":\"Online property management software\",\"publisher\":{\"@id\":\"https:\/\/www.rentflow.io\/pl\/#organization\"},\"potentialAction\":[{\"@type\":\"SearchAction\",\"target\":{\"@type\":\"EntryPoint\",\"urlTemplate\":\"https:\/\/www.rentflow.io\/resources?s={search_term_string}\"},\"query-input\":\"required name=search_term_string\"}],\"inLanguage\":\"pl-PL\"},{\"@type\":\"Organization\",\"@id\":\"https:\/\/www.rentflow.io\/pl\/#organization\",\"name\":\"Rentflow\",\"url\":\"https:\/\/www.rentflow.io\/pl\/\",\"sameAs\":[\"https:\/\/www.facebook.com\/Rentflow.net\"],\"logo\":{\"@type\":\"ImageObject\",\"inLanguage\":\"pl-PL\",\"@id\":\"https:\/\/www.rentflow.io\/pl\/#\/schema\/logo\/image\/\",\"url\":\"https:\/\/www.rentflow.io\/wp-content\/uploads\/2022\/09\/surface1.svg\",\"contentUrl\":\"https:\/\/www.rentflow.io\/wp-content\/uploads\/2022\/09\/surface1.svg\",\"width\":220,\"height\":45,\"caption\":\"Rentflow\"},\"image\":{\"@id\":\"https:\/\/www.rentflow.io\/pl\/#\/schema\/logo\/image\/\"}}]}<\/script>\n<!-- \/ Yoast SEO Premium plugin. -->","yoast_head_json":{"title":"Rentflow - The best online property management software","description":"Najlepsze oprogramowanie online do zarz\u0105dzania nieruchomo\u015bciami i najmem Najlepsze oprogramowanie online do zarz\u0105dzania nieruchomo\u015bciami i najmem dla zarz\u0105dc\u00f3w, agent\u00f3w nieruchomo\u015bci, w\u0142a\u015bcicieli mieszka\u0144 i najemc\u00f3w. Automatyzacja, integracja, organizacja i bezpiecze\u0144stwo dla Twojego biznesu w nieruchomo\u015bciach.","robots":{"index":"index","follow":"follow","max-snippet":"max-snippet:-1","max-image-preview":"max-image-preview:large","max-video-preview":"max-video-preview:-1"},"canonical":"https:\/\/www.rentflow.io\/pl\/","og_locale":"pl_PL","og_type":"article","og_title":"Rentflow - The best online property management software","og_description":"Najlepsze oprogramowanie online do zarz\u0105dzania nieruchomo\u015bciami i najmem Najlepsze oprogramowanie online do zarz\u0105dzania nieruchomo\u015bciami i najmem dla zarz\u0105dc\u00f3w, agent\u00f3w nieruchomo\u015bci, w\u0142a\u015bcicieli mieszka\u0144 i najemc\u00f3w. Automatyzacja, integracja, organizacja i bezpiecze\u0144stwo dla Twojego biznesu w nieruchomo\u015bciach.","og_url":"https:\/\/www.rentflow.io\/pl\/","og_site_name":"Rentflow","article_publisher":"https:\/\/www.facebook.com\/Rentflow.net","article_modified_time":"2023-08-24T16:20:36+00:00","twitter_card":"summary_large_image","schema":{"@context":"https:\/\/schema.org","@graph":[{"@type":"WebPage","@id":"https:\/\/www.rentflow.io\/pl\/","url":"https:\/\/www.rentflow.io\/pl\/","name":"Rentflow - The best online property management software","isPartOf":{"@id":"https:\/\/www.rentflow.io\/pl\/#website"},"datePublished":"2022-07-22T11:42:52+00:00","dateModified":"2023-08-24T16:20:36+00:00","description":"Najlepsze oprogramowanie online do zarz\u0105dzania nieruchomo\u015bciami i najmem Najlepsze oprogramowanie online do zarz\u0105dzania nieruchomo\u015bciami i najmem dla zarz\u0105dc\u00f3w, agent\u00f3w nieruchomo\u015bci, w\u0142a\u015bcicieli mieszka\u0144 i najemc\u00f3w. Automatyzacja, integracja, organizacja i bezpiecze\u0144stwo dla Twojego biznesu w nieruchomo\u015bciach.","breadcrumb":{"@id":"https:\/\/www.rentflow.io\/pl\/#breadcrumb"},"inLanguage":"pl-PL","potentialAction":[{"@type":"ReadAction","target":["https:\/\/www.rentflow.io\/pl\/"]}]},{"@type":"BreadcrumbList","@id":"https:\/\/www.rentflow.io\/pl\/#breadcrumb","itemListElement":[{"@type":"ListItem","position":1,"name":"Home Page"}]},{"@type":"WebSite","@id":"https:\/\/www.rentflow.io\/pl\/#website","url":"https:\/\/www.rentflow.io\/pl\/","name":"Rentflow","description":"Online property management software","publisher":{"@id":"https:\/\/www.rentflow.io\/pl\/#organization"},"potentialAction":[{"@type":"SearchAction","target":{"@type":"EntryPoint","urlTemplate":"https:\/\/www.rentflow.io\/resources?s={search_term_string}"},"query-input":"required name=search_term_string"}],"inLanguage":"pl-PL"},{"@type":"Organization","@id":"https:\/\/www.rentflow.io\/pl\/#organization","name":"Rentflow","url":"https:\/\/www.rentflow.io\/pl\/","sameAs":["https:\/\/www.facebook.com\/Rentflow.net"],"logo":{"@type":"ImageObject","inLanguage":"pl-PL","@id":"https:\/\/www.rentflow.io\/pl\/#\/schema\/logo\/image\/","url":"https:\/\/www.rentflow.io\/wp-content\/uploads\/2022\/09\/surface1.svg","contentUrl":"https:\/\/www.rentflow.io\/wp-content\/uploads\/2022\/09\/surface1.svg","width":220,"height":45,"caption":"Rentflow"},"image":{"@id":"https:\/\/www.rentflow.io\/pl\/#\/schema\/logo\/image\/"}}]}},"_links":{"self":[{"href":"https:\/\/www.rentflow.io\/pl\/wp-json\/wp\/v2\/pages\/664"}],"collection":[{"href":"https:\/\/www.rentflow.io\/pl\/wp-json\/wp\/v2\/pages"}],"about":[{"href":"https:\/\/www.rentflow.io\/pl\/wp-json\/wp\/v2\/types\/page"}],"author":[{"embeddable":true,"href":"https:\/\/www.rentflow.io\/pl\/wp-json\/wp\/v2\/users\/1"}],"replies":[{"embeddable":true,"href":"https:\/\/www.rentflow.io\/pl\/wp-json\/wp\/v2\/comments?post=664"}],"version-history":[{"count":10,"href":"https:\/\/www.rentflow.io\/pl\/wp-json\/wp\/v2\/pages\/664\/revisions"}],"predecessor-version":[{"id":1034,"href":"https:\/\/www.rentflow.io\/pl\/wp-json\/wp\/v2\/pages\/664\/revisions\/1034"}],"wp:attachment":[{"href":"https:\/\/www.rentflow.io\/pl\/wp-json\/wp\/v2\/media?parent=664"}],"curies":[{"name":"wp","href":"https:\/\/api.w.org\/{rel}","templated":true}]}}