{"id":681,"date":"2022-08-20T09:31:54","date_gmt":"2022-08-20T09:31:54","guid":{"rendered":"https:\/\/www.rentflow.io\/ceny\/"},"modified":"2025-11-20T10:04:01","modified_gmt":"2025-11-20T10:04:01","slug":"cennik","status":"publish","type":"page","link":"https:\/\/www.rentflow.io\/pl\/cennik\/","title":{"rendered":"Cennik"},"content":{"rendered":"","protected":false},"excerpt":{"rendered":"","protected":false},"author":1,"featured_media":0,"parent":0,"menu_order":0,"comment_status":"closed","ping_status":"closed","template":"templates\/prices-template.php","meta":{"inline_featured_image":false},"acf":[],"yoast_head":"<!-- This site is optimized with the Yoast SEO Premium plugin v19.3 (Yoast SEO v19.7) - https:\/\/yoast.com\/wordpress\/plugins\/seo\/ -->\n<title>Cennik - Rentflow<\/title>\n<meta name=\"description\" content=\"Rentflow oferuje konkurencyjne i elastyczne ceny dostosowane do wszystkich rodzaj\u00f3w zarz\u0105dc\u00f3w nieruchomo\u015bci. Skontaktuj si\u0119 z nami, aby uzyska\u0107 wi\u0119cej informacji.\" \/>\n<meta name=\"robots\" content=\"index, follow, max-snippet:-1, max-image-preview:large, max-video-preview:-1\" \/>\n<link rel=\"canonical\" href=\"https:\/\/www.rentflow.io\/pl\/cennik\/\" \/>\n<meta property=\"og:locale\" content=\"pl_PL\" \/>\n<meta property=\"og:type\" content=\"article\" \/>\n<meta property=\"og:title\" content=\"Cennik - Rentflow\" \/>\n<meta property=\"og:description\" content=\"Rentflow oferuje konkurencyjne i elastyczne ceny dostosowane do wszystkich rodzaj\u00f3w zarz\u0105dc\u00f3w nieruchomo\u015bci. Skontaktuj si\u0119 z nami, aby uzyska\u0107 wi\u0119cej informacji.\" \/>\n<meta property=\"og:url\" content=\"https:\/\/www.rentflow.io\/pl\/cennik\/\" \/>\n<meta property=\"og:site_name\" content=\"Rentflow\" \/>\n<meta property=\"article:publisher\" content=\"https:\/\/www.facebook.com\/Rentflow.net\" \/>\n<meta property=\"article:modified_time\" content=\"2025-11-20T10:04:01+00:00\" \/>\n<meta name=\"twitter:card\" content=\"summary_large_image\" \/>\n<script type=\"application\/ld+json\" class=\"yoast-schema-graph\">{\"@context\":\"https:\/\/schema.org\",\"@graph\":[{\"@type\":\"WebPage\",\"@id\":\"https:\/\/www.rentflow.io\/pl\/cennik\/\",\"url\":\"https:\/\/www.rentflow.io\/pl\/cennik\/\",\"name\":\"Cennik - Rentflow\",\"isPartOf\":{\"@id\":\"https:\/\/www.rentflow.io\/pl\/#website\"},\"datePublished\":\"2022-08-20T09:31:54+00:00\",\"dateModified\":\"2025-11-20T10:04:01+00:00\",\"description\":\"Rentflow oferuje konkurencyjne i elastyczne ceny dostosowane do wszystkich rodzaj\u00f3w zarz\u0105dc\u00f3w nieruchomo\u015bci. Skontaktuj si\u0119 z nami, aby uzyska\u0107 wi\u0119cej informacji.\",\"breadcrumb\":{\"@id\":\"https:\/\/www.rentflow.io\/pl\/cennik\/#breadcrumb\"},\"inLanguage\":\"pl-PL\",\"potentialAction\":[{\"@type\":\"ReadAction\",\"target\":[\"https:\/\/www.rentflow.io\/pl\/cennik\/\"]}]},{\"@type\":\"BreadcrumbList\",\"@id\":\"https:\/\/www.rentflow.io\/pl\/cennik\/#breadcrumb\",\"itemListElement\":[{\"@type\":\"ListItem\",\"position\":1,\"name\":\"Cennik\"}]},{\"@type\":\"WebSite\",\"@id\":\"https:\/\/www.rentflow.io\/pl\/#website\",\"url\":\"https:\/\/www.rentflow.io\/pl\/\",\"name\":\"Rentflow\",\"description\":\"Online property management software\",\"publisher\":{\"@id\":\"https:\/\/www.rentflow.io\/pl\/#organization\"},\"potentialAction\":[{\"@type\":\"SearchAction\",\"target\":{\"@type\":\"EntryPoint\",\"urlTemplate\":\"https:\/\/www.rentflow.io\/resources?s={search_term_string}\"},\"query-input\":\"required name=search_term_string\"}],\"inLanguage\":\"pl-PL\"},{\"@type\":\"Organization\",\"@id\":\"https:\/\/www.rentflow.io\/pl\/#organization\",\"name\":\"Rentflow\",\"url\":\"https:\/\/www.rentflow.io\/pl\/\",\"sameAs\":[\"https:\/\/www.facebook.com\/Rentflow.net\"],\"logo\":{\"@type\":\"ImageObject\",\"inLanguage\":\"pl-PL\",\"@id\":\"https:\/\/www.rentflow.io\/pl\/#\/schema\/logo\/image\/\",\"url\":\"https:\/\/www.rentflow.io\/wp-content\/uploads\/2022\/09\/surface1.svg\",\"contentUrl\":\"https:\/\/www.rentflow.io\/wp-content\/uploads\/2022\/09\/surface1.svg\",\"width\":220,\"height\":45,\"caption\":\"Rentflow\"},\"image\":{\"@id\":\"https:\/\/www.rentflow.io\/pl\/#\/schema\/logo\/image\/\"}}]}<\/script>\n<!-- \/ Yoast SEO Premium plugin. -->","yoast_head_json":{"title":"Cennik - Rentflow","description":"Rentflow oferuje konkurencyjne i elastyczne ceny dostosowane do wszystkich rodzaj\u00f3w zarz\u0105dc\u00f3w nieruchomo\u015bci. Skontaktuj si\u0119 z nami, aby uzyska\u0107 wi\u0119cej informacji.","robots":{"index":"index","follow":"follow","max-snippet":"max-snippet:-1","max-image-preview":"max-image-preview:large","max-video-preview":"max-video-preview:-1"},"canonical":"https:\/\/www.rentflow.io\/pl\/cennik\/","og_locale":"pl_PL","og_type":"article","og_title":"Cennik - Rentflow","og_description":"Rentflow oferuje konkurencyjne i elastyczne ceny dostosowane do wszystkich rodzaj\u00f3w zarz\u0105dc\u00f3w nieruchomo\u015bci. Skontaktuj si\u0119 z nami, aby uzyska\u0107 wi\u0119cej informacji.","og_url":"https:\/\/www.rentflow.io\/pl\/cennik\/","og_site_name":"Rentflow","article_publisher":"https:\/\/www.facebook.com\/Rentflow.net","article_modified_time":"2025-11-20T10:04:01+00:00","twitter_card":"summary_large_image","schema":{"@context":"https:\/\/schema.org","@graph":[{"@type":"WebPage","@id":"https:\/\/www.rentflow.io\/pl\/cennik\/","url":"https:\/\/www.rentflow.io\/pl\/cennik\/","name":"Cennik - Rentflow","isPartOf":{"@id":"https:\/\/www.rentflow.io\/pl\/#website"},"datePublished":"2022-08-20T09:31:54+00:00","dateModified":"2025-11-20T10:04:01+00:00","description":"Rentflow oferuje konkurencyjne i elastyczne ceny dostosowane do wszystkich rodzaj\u00f3w zarz\u0105dc\u00f3w nieruchomo\u015bci. Skontaktuj si\u0119 z nami, aby uzyska\u0107 wi\u0119cej informacji.","breadcrumb":{"@id":"https:\/\/www.rentflow.io\/pl\/cennik\/#breadcrumb"},"inLanguage":"pl-PL","potentialAction":[{"@type":"ReadAction","target":["https:\/\/www.rentflow.io\/pl\/cennik\/"]}]},{"@type":"BreadcrumbList","@id":"https:\/\/www.rentflow.io\/pl\/cennik\/#breadcrumb","itemListElement":[{"@type":"ListItem","position":1,"name":"Cennik"}]},{"@type":"WebSite","@id":"https:\/\/www.rentflow.io\/pl\/#website","url":"https:\/\/www.rentflow.io\/pl\/","name":"Rentflow","description":"Online property management software","publisher":{"@id":"https:\/\/www.rentflow.io\/pl\/#organization"},"potentialAction":[{"@type":"SearchAction","target":{"@type":"EntryPoint","urlTemplate":"https:\/\/www.rentflow.io\/resources?s={search_term_string}"},"query-input":"required name=search_term_string"}],"inLanguage":"pl-PL"},{"@type":"Organization","@id":"https:\/\/www.rentflow.io\/pl\/#organization","name":"Rentflow","url":"https:\/\/www.rentflow.io\/pl\/","sameAs":["https:\/\/www.facebook.com\/Rentflow.net"],"logo":{"@type":"ImageObject","inLanguage":"pl-PL","@id":"https:\/\/www.rentflow.io\/pl\/#\/schema\/logo\/image\/","url":"https:\/\/www.rentflow.io\/wp-content\/uploads\/2022\/09\/surface1.svg","contentUrl":"https:\/\/www.rentflow.io\/wp-content\/uploads\/2022\/09\/surface1.svg","width":220,"height":45,"caption":"Rentflow"},"image":{"@id":"https:\/\/www.rentflow.io\/pl\/#\/schema\/logo\/image\/"}}]}},"_links":{"self":[{"href":"https:\/\/www.rentflow.io\/pl\/wp-json\/wp\/v2\/pages\/681"}],"collection":[{"href":"https:\/\/www.rentflow.io\/pl\/wp-json\/wp\/v2\/pages"}],"about":[{"href":"https:\/\/www.rentflow.io\/pl\/wp-json\/wp\/v2\/types\/page"}],"author":[{"embeddable":true,"href":"https:\/\/www.rentflow.io\/pl\/wp-json\/wp\/v2\/users\/1"}],"replies":[{"embeddable":true,"href":"https:\/\/www.rentflow.io\/pl\/wp-json\/wp\/v2\/comments?post=681"}],"version-history":[{"count":31,"href":"https:\/\/www.rentflow.io\/pl\/wp-json\/wp\/v2\/pages\/681\/revisions"}],"predecessor-version":[{"id":1523,"href":"https:\/\/www.rentflow.io\/pl\/wp-json\/wp\/v2\/pages\/681\/revisions\/1523"}],"wp:attachment":[{"href":"https:\/\/www.rentflow.io\/pl\/wp-json\/wp\/v2\/media?parent=681"}],"curies":[{"name":"wp","href":"https:\/\/api.w.org\/{rel}","templated":true}]}}